{"id":45,"date":"2019-11-28T20:07:11","date_gmt":"2019-11-28T19:07:11","guid":{"rendered":"https:\/\/martagalinska.pl\/?page_id=45"},"modified":"2020-03-22T21:14:43","modified_gmt":"2020-03-22T20:14:43","slug":"kancelaria","status":"publish","type":"page","link":"https:\/\/martagalinska.pl\/","title":{"rendered":""},"content":{"rendered":"\n<p>Kancelaria Radcy Prawnego Marta Gali\u0144ska\ndoradza w zakresie prawa autorskiego i praw pokrewnych, prawa ochrony\nkonkurencji i konsument\u00f3w, prawa reklamy oraz d\u00f3br osobistych. Zajmuje si\u0119 tak\u017ce\nprowadzeniem post\u0119powa\u0144 s\u0105dowych w wy\u017cej wymienionym zakresie.<\/p>\n\n\n\n<p>Kancelaria zajmuje si\u0119 r\u00f3wnie\u017c sprawami zwi\u0105zanymi z analiz\u0105 kontrakt\u00f3w oraz pozyskaniem odszkodowa\u0144 na podstawie polis, w zwi\u0105zku z niewykonaniem um\u00f3w oraz ze wzgl\u0119du na odpowiedzialno\u015b\u0107 deliktow\u0105 ze szczeg\u00f3lnym uwzgl\u0119dnieniem b\u0142\u0119d\u00f3w lekarskich. <\/p>\n\n\n\n<p>Obecnie ze wzgl\u0119du na pandemi\u0119 wirusa COVID 19 i skutk\u00f3w z tym zwi\u0105zanych Kancelaria \u015bwiadczy us\u0142ugi zwi\u0105zane z analiz\u0105 um\u00f3w, kt\u00f3rych wykonanie staje si\u0119 utrudnione lub niemo\u017cliwe ze wzgl\u0119du na obostrzenia zwi\u0105zane z COVID 19, pomoc\u0105 w uzyskaniu odroczenia sk\u0142adki ZUS oraz innych ulg wprowadzonych w wyniku panuj\u0105cej sytuacji <\/p>\n","protected":false},"excerpt":{"rendered":"<p>Kancelaria Radcy Prawnego Marta Gali\u0144ska doradza w zakresie prawa autorskiego i praw pokrewnych, prawa ochrony konkurencji i konsument\u00f3w, prawa reklamy oraz d\u00f3br osobistych. Zajmuje si\u0119 tak\u017ce prowadzeniem post\u0119powa\u0144 s\u0105dowych w wy\u017cej wymienionym zakresie. Kancelaria zajmuje si\u0119 r\u00f3wnie\u017c sprawami zwi\u0105zanymi z analiz\u0105 kontrakt\u00f3w oraz pozyskaniem odszkodowa\u0144 na podstawie polis, w zwi\u0105zku z niewykonaniem um\u00f3w oraz ze [&hellip;]<\/p>\n","protected":false},"author":1,"featured_media":0,"parent":0,"menu_order":0,"comment_status":"closed","ping_status":"closed","template":"","meta":{"footnotes":""},"class_list":["post-45","page","type-page","status-publish","hentry","entry"],"_links":{"self":[{"href":"https:\/\/martagalinska.pl\/index.php\/wp-json\/wp\/v2\/pages\/45","targetHints":{"allow":["GET"]}}],"collection":[{"href":"https:\/\/martagalinska.pl\/index.php\/wp-json\/wp\/v2\/pages"}],"about":[{"href":"https:\/\/martagalinska.pl\/index.php\/wp-json\/wp\/v2\/types\/page"}],"author":[{"embeddable":true,"href":"https:\/\/martagalinska.pl\/index.php\/wp-json\/wp\/v2\/users\/1"}],"replies":[{"embeddable":true,"href":"https:\/\/martagalinska.pl\/index.php\/wp-json\/wp\/v2\/comments?post=45"}],"version-history":[{"count":9,"href":"https:\/\/martagalinska.pl\/index.php\/wp-json\/wp\/v2\/pages\/45\/revisions"}],"predecessor-version":[{"id":200,"href":"https:\/\/martagalinska.pl\/index.php\/wp-json\/wp\/v2\/pages\/45\/revisions\/200"}],"wp:attachment":[{"href":"https:\/\/martagalinska.pl\/index.php\/wp-json\/wp\/v2\/media?parent=45"}],"curies":[{"name":"wp","href":"https:\/\/api.w.org\/{rel}","templated":true}]}}